{"id":2533,"date":"2025-04-27T07:12:58","date_gmt":"2025-04-27T11:12:58","guid":{"rendered":"https:\/\/www.lesvovans.com\/?page_id=2533"},"modified":"2025-04-27T11:25:49","modified_gmt":"2025-04-27T15:25:49","slug":"medias","status":"publish","type":"page","link":"https:\/\/www.lesvovans.com\/?page_id=2533","title":{"rendered":"Apparitions publiques"},"content":{"rendered":"\n<h2 class=\"wp-block-heading\">Montreal Guardian : My Digital Life: Montr\u00e9al Content Creator @onclevov (avril 2025)<\/h2>\n\n\n\n<figure class=\"wp-block-image size-full\"><a href=\"https:\/\/montrealguardian.com\/my-digital-life-onclevov\/\"><img data-recalc-dims=\"1\" loading=\"lazy\" decoding=\"async\" width=\"610\" height=\"477\" data-attachment-id=\"2545\" data-permalink=\"https:\/\/www.lesvovans.com\/?attachment_id=2545\" data-orig-file=\"https:\/\/i0.wp.com\/www.lesvovans.com\/wp-content\/uploads\/2025\/04\/Photo-by-NathB-photographe.png?fit=678%2C530&amp;ssl=1\" data-orig-size=\"678,530\" data-comments-opened=\"1\" data-image-meta=\"{&quot;aperture&quot;:&quot;0&quot;,&quot;credit&quot;:&quot;&quot;,&quot;camera&quot;:&quot;&quot;,&quot;caption&quot;:&quot;&quot;,&quot;created_timestamp&quot;:&quot;0&quot;,&quot;copyright&quot;:&quot;&quot;,&quot;focal_length&quot;:&quot;0&quot;,&quot;iso&quot;:&quot;0&quot;,&quot;shutter_speed&quot;:&quot;0&quot;,&quot;title&quot;:&quot;&quot;,&quot;orientation&quot;:&quot;0&quot;}\" data-image-title=\"Photo-by-NathB-photographe\" data-image-description=\"\" data-image-caption=\"\" data-medium-file=\"https:\/\/i0.wp.com\/www.lesvovans.com\/wp-content\/uploads\/2025\/04\/Photo-by-NathB-photographe.png?fit=300%2C235&amp;ssl=1\" data-large-file=\"https:\/\/i0.wp.com\/www.lesvovans.com\/wp-content\/uploads\/2025\/04\/Photo-by-NathB-photographe.png?fit=610%2C477&amp;ssl=1\" src=\"https:\/\/i0.wp.com\/www.lesvovans.com\/wp-content\/uploads\/2025\/04\/Photo-by-NathB-photographe.png?resize=610%2C477&#038;ssl=1\" alt=\"\" class=\"wp-image-2545\" srcset=\"https:\/\/i0.wp.com\/www.lesvovans.com\/wp-content\/uploads\/2025\/04\/Photo-by-NathB-photographe.png?w=678&amp;ssl=1 678w, https:\/\/i0.wp.com\/www.lesvovans.com\/wp-content\/uploads\/2025\/04\/Photo-by-NathB-photographe.png?resize=300%2C235&amp;ssl=1 300w, https:\/\/i0.wp.com\/www.lesvovans.com\/wp-content\/uploads\/2025\/04\/Photo-by-NathB-photographe.png?resize=150%2C117&amp;ssl=1 150w, https:\/\/i0.wp.com\/www.lesvovans.com\/wp-content\/uploads\/2025\/04\/Photo-by-NathB-photographe.png?resize=600%2C469&amp;ssl=1 600w\" sizes=\"auto, (max-width: 610px) 100vw, 610px\" \/><\/a><\/figure>\n\n\n\n<h2 class=\"wp-block-heading\">YouTube : Shahin, On devine qui est le chinois (mars 2025)<\/h2>\n\n\n\n<figure class=\"wp-block-embed is-type-video is-provider-youtube wp-block-embed-youtube wp-embed-aspect-16-9 wp-has-aspect-ratio\"><div class=\"wp-block-embed__wrapper\">\n<iframe loading=\"lazy\" title=\"ON DEVINE QUI EST LE CHINOIS\" width=\"610\" height=\"343\" src=\"https:\/\/www.youtube.com\/embed\/HMVAW3gnxXo?start=371&#038;feature=oembed\" frameborder=\"0\" allow=\"accelerometer; autoplay; clipboard-write; encrypted-media; gyroscope; picture-in-picture; web-share\" referrerpolicy=\"strict-origin-when-cross-origin\" allowfullscreen><\/iframe>\n<\/div><\/figure>\n\n\n\n<h2 class=\"wp-block-heading\">ICI T\u00e9l\u00e9 (Radio-Canada) : L&rsquo;\u00e9picerie (f\u00e9vrier 2025)<\/h2>\n\n\n\n<figure class=\"wp-block-embed is-type-video is-provider-youtube wp-block-embed-youtube wp-embed-aspect-16-9 wp-has-aspect-ratio\"><div class=\"wp-block-embed__wrapper\">\n<iframe loading=\"lazy\" title=\"Besoin d&#039;une nouvelle recette de p\u00e2t\u00e9 chinois? On revisite ce mets traditionnel | L&#039;\u00e9picerie\" width=\"610\" height=\"343\" src=\"https:\/\/www.youtube.com\/embed\/iibyRpfXwuM?start=75&#038;feature=oembed\" frameborder=\"0\" allow=\"accelerometer; autoplay; clipboard-write; encrypted-media; gyroscope; picture-in-picture; web-share\" referrerpolicy=\"strict-origin-when-cross-origin\" allowfullscreen><\/iframe>\n<\/div><\/figure>\n\n\n\n<h2 class=\"wp-block-heading\">Livre de recettes : L\u00e9gumes asiatiques, jardiner, cuisiner, raconter (septembre 2022)<\/h2>\n\n\n\n<figure class=\"wp-block-image size-large\"><a href=\"https:\/\/www.lerizen.ca\/livrelegumesasiatiques\"><img data-recalc-dims=\"1\" loading=\"lazy\" decoding=\"async\" width=\"610\" height=\"270\" data-attachment-id=\"2553\" data-permalink=\"https:\/\/www.lesvovans.com\/?attachment_id=2553\" data-orig-file=\"https:\/\/i0.wp.com\/www.lesvovans.com\/wp-content\/uploads\/2025\/04\/b2911a39-6a27-4da5-9fcf-15b2cfc43689_OPC1048_Legumes_asiatiques_bandeaux_soeurs.jpeg?fit=2560%2C1133&amp;ssl=1\" data-orig-size=\"2560,1133\" data-comments-opened=\"1\" data-image-meta=\"{&quot;aperture&quot;:&quot;0&quot;,&quot;credit&quot;:&quot;&quot;,&quot;camera&quot;:&quot;&quot;,&quot;caption&quot;:&quot;&quot;,&quot;created_timestamp&quot;:&quot;0&quot;,&quot;copyright&quot;:&quot;&quot;,&quot;focal_length&quot;:&quot;0&quot;,&quot;iso&quot;:&quot;0&quot;,&quot;shutter_speed&quot;:&quot;0&quot;,&quot;title&quot;:&quot;&quot;,&quot;orientation&quot;:&quot;1&quot;}\" data-image-title=\"b2911a39-6a27-4da5-9fcf-15b2cfc43689_OPC1048_L\u00e9gumes_asiatiques_bandeaux_soeurs\" data-image-description=\"\" data-image-caption=\"\" data-medium-file=\"https:\/\/i0.wp.com\/www.lesvovans.com\/wp-content\/uploads\/2025\/04\/b2911a39-6a27-4da5-9fcf-15b2cfc43689_OPC1048_Legumes_asiatiques_bandeaux_soeurs.jpeg?fit=300%2C133&amp;ssl=1\" data-large-file=\"https:\/\/i0.wp.com\/www.lesvovans.com\/wp-content\/uploads\/2025\/04\/b2911a39-6a27-4da5-9fcf-15b2cfc43689_OPC1048_Legumes_asiatiques_bandeaux_soeurs.jpeg?fit=610%2C270&amp;ssl=1\" src=\"https:\/\/i0.wp.com\/www.lesvovans.com\/wp-content\/uploads\/2025\/04\/b2911a39-6a27-4da5-9fcf-15b2cfc43689_OPC1048_Legumes_asiatiques_bandeaux_soeurs.jpeg?resize=610%2C270&#038;ssl=1\" alt=\"\" class=\"wp-image-2553\" srcset=\"https:\/\/i0.wp.com\/www.lesvovans.com\/wp-content\/uploads\/2025\/04\/b2911a39-6a27-4da5-9fcf-15b2cfc43689_OPC1048_Legumes_asiatiques_bandeaux_soeurs.jpeg?resize=1024%2C453&amp;ssl=1 1024w, https:\/\/i0.wp.com\/www.lesvovans.com\/wp-content\/uploads\/2025\/04\/b2911a39-6a27-4da5-9fcf-15b2cfc43689_OPC1048_Legumes_asiatiques_bandeaux_soeurs.jpeg?resize=300%2C133&amp;ssl=1 300w, https:\/\/i0.wp.com\/www.lesvovans.com\/wp-content\/uploads\/2025\/04\/b2911a39-6a27-4da5-9fcf-15b2cfc43689_OPC1048_Legumes_asiatiques_bandeaux_soeurs.jpeg?resize=768%2C340&amp;ssl=1 768w, https:\/\/i0.wp.com\/www.lesvovans.com\/wp-content\/uploads\/2025\/04\/b2911a39-6a27-4da5-9fcf-15b2cfc43689_OPC1048_Legumes_asiatiques_bandeaux_soeurs.jpeg?resize=150%2C66&amp;ssl=1 150w, https:\/\/i0.wp.com\/www.lesvovans.com\/wp-content\/uploads\/2025\/04\/b2911a39-6a27-4da5-9fcf-15b2cfc43689_OPC1048_Legumes_asiatiques_bandeaux_soeurs.jpeg?resize=600%2C266&amp;ssl=1 600w, https:\/\/i0.wp.com\/www.lesvovans.com\/wp-content\/uploads\/2025\/04\/b2911a39-6a27-4da5-9fcf-15b2cfc43689_OPC1048_Legumes_asiatiques_bandeaux_soeurs.jpeg?resize=1536%2C680&amp;ssl=1 1536w, https:\/\/i0.wp.com\/www.lesvovans.com\/wp-content\/uploads\/2025\/04\/b2911a39-6a27-4da5-9fcf-15b2cfc43689_OPC1048_Legumes_asiatiques_bandeaux_soeurs.jpeg?resize=2048%2C906&amp;ssl=1 2048w, https:\/\/i0.wp.com\/www.lesvovans.com\/wp-content\/uploads\/2025\/04\/b2911a39-6a27-4da5-9fcf-15b2cfc43689_OPC1048_Legumes_asiatiques_bandeaux_soeurs.jpeg?w=1220&amp;ssl=1 1220w, https:\/\/i0.wp.com\/www.lesvovans.com\/wp-content\/uploads\/2025\/04\/b2911a39-6a27-4da5-9fcf-15b2cfc43689_OPC1048_Legumes_asiatiques_bandeaux_soeurs.jpeg?w=1830&amp;ssl=1 1830w\" sizes=\"auto, (max-width: 610px) 100vw, 610px\" \/><\/a><\/figure>\n\n\n\n<h2 class=\"wp-block-heading\">CJSO : Entrevue radio (avril 2020)<\/h2>\n\n\n\n<figure class=\"wp-block-embed is-type-wp-embed is-provider-cjso wp-block-embed-cjso\"><div class=\"wp-block-embed__wrapper\">\n<blockquote class=\"wp-embedded-content\" data-secret=\"Vvuwd5j6uu\"><a href=\"https:\/\/www.cjso.ca\/chroniques-vovans-adoucir-crise\/\">Les chroniques des Vovans pour adoucir la crise<\/a><\/blockquote><iframe loading=\"lazy\" class=\"wp-embedded-content\" sandbox=\"allow-scripts\" security=\"restricted\" style=\"position: absolute; visibility: hidden;\" title=\"\u00ab\u00a0Les chroniques des Vovans pour adoucir la crise\u00a0\u00bb &#8212; CJSO\" src=\"https:\/\/www.cjso.ca\/chroniques-vovans-adoucir-crise\/embed\/#?secret=2fp0TJgAYY#?secret=Vvuwd5j6uu\" data-secret=\"Vvuwd5j6uu\" width=\"600\" height=\"338\" frameborder=\"0\" marginwidth=\"0\" marginheight=\"0\" scrolling=\"no\"><\/iframe>\n<\/div><\/figure>\n\n\n\n<h2 class=\"wp-block-heading\">Festival: Bi\u00e8res vins &amp; terroir (juin 2019)<\/h2>\n\n\n\n<figure class=\"wp-block-image size-large\"><a href=\"https:\/\/www.facebook.com\/share\/1BkD8xEPPa\/\"><img data-recalc-dims=\"1\" loading=\"lazy\" decoding=\"async\" width=\"610\" height=\"407\" data-attachment-id=\"2562\" data-permalink=\"https:\/\/www.lesvovans.com\/?attachment_id=2562\" data-orig-file=\"https:\/\/i0.wp.com\/www.lesvovans.com\/wp-content\/uploads\/2025\/04\/65393893_985041158554019_8740056004076503040_n.jpg?fit=2048%2C1365&amp;ssl=1\" data-orig-size=\"2048,1365\" data-comments-opened=\"1\" data-image-meta=\"{&quot;aperture&quot;:&quot;0&quot;,&quot;credit&quot;:&quot;&quot;,&quot;camera&quot;:&quot;&quot;,&quot;caption&quot;:&quot;&quot;,&quot;created_timestamp&quot;:&quot;0&quot;,&quot;copyright&quot;:&quot;&quot;,&quot;focal_length&quot;:&quot;0&quot;,&quot;iso&quot;:&quot;0&quot;,&quot;shutter_speed&quot;:&quot;0&quot;,&quot;title&quot;:&quot;&quot;,&quot;orientation&quot;:&quot;0&quot;}\" data-image-title=\"65393893_985041158554019_8740056004076503040_n\" data-image-description=\"\" data-image-caption=\"\" data-medium-file=\"https:\/\/i0.wp.com\/www.lesvovans.com\/wp-content\/uploads\/2025\/04\/65393893_985041158554019_8740056004076503040_n.jpg?fit=300%2C200&amp;ssl=1\" data-large-file=\"https:\/\/i0.wp.com\/www.lesvovans.com\/wp-content\/uploads\/2025\/04\/65393893_985041158554019_8740056004076503040_n.jpg?fit=610%2C407&amp;ssl=1\" src=\"https:\/\/i0.wp.com\/www.lesvovans.com\/wp-content\/uploads\/2025\/04\/65393893_985041158554019_8740056004076503040_n.jpg?resize=610%2C407&#038;ssl=1\" alt=\"\" class=\"wp-image-2562\" srcset=\"https:\/\/i0.wp.com\/www.lesvovans.com\/wp-content\/uploads\/2025\/04\/65393893_985041158554019_8740056004076503040_n.jpg?resize=1024%2C683&amp;ssl=1 1024w, https:\/\/i0.wp.com\/www.lesvovans.com\/wp-content\/uploads\/2025\/04\/65393893_985041158554019_8740056004076503040_n.jpg?resize=300%2C200&amp;ssl=1 300w, https:\/\/i0.wp.com\/www.lesvovans.com\/wp-content\/uploads\/2025\/04\/65393893_985041158554019_8740056004076503040_n.jpg?resize=768%2C512&amp;ssl=1 768w, https:\/\/i0.wp.com\/www.lesvovans.com\/wp-content\/uploads\/2025\/04\/65393893_985041158554019_8740056004076503040_n.jpg?resize=150%2C100&amp;ssl=1 150w, https:\/\/i0.wp.com\/www.lesvovans.com\/wp-content\/uploads\/2025\/04\/65393893_985041158554019_8740056004076503040_n.jpg?resize=600%2C400&amp;ssl=1 600w, https:\/\/i0.wp.com\/www.lesvovans.com\/wp-content\/uploads\/2025\/04\/65393893_985041158554019_8740056004076503040_n.jpg?resize=1536%2C1024&amp;ssl=1 1536w, https:\/\/i0.wp.com\/www.lesvovans.com\/wp-content\/uploads\/2025\/04\/65393893_985041158554019_8740056004076503040_n.jpg?w=2048&amp;ssl=1 2048w, https:\/\/i0.wp.com\/www.lesvovans.com\/wp-content\/uploads\/2025\/04\/65393893_985041158554019_8740056004076503040_n.jpg?w=1220&amp;ssl=1 1220w, https:\/\/i0.wp.com\/www.lesvovans.com\/wp-content\/uploads\/2025\/04\/65393893_985041158554019_8740056004076503040_n.jpg?w=1830&amp;ssl=1 1830w\" sizes=\"auto, (max-width: 610px) 100vw, 610px\" \/><\/a><\/figure>\n\n\n\n<p><\/p>\n","protected":false},"excerpt":{"rendered":"<p>Montreal Guardian : My Digital Life: Montr\u00e9al Content Creator @onclevov (avril 2025) YouTube : Shahin, On devine qui est le chinois (mars 2025) ICI T\u00e9l\u00e9 (Radio-Canada) : L&rsquo;\u00e9picerie (f\u00e9vrier 2025) Livre de recettes : L\u00e9gumes asiatiques, jardiner, cuisiner, raconter (septembre 2022) CJSO : Entrevue radio (avril 2020) Festival: Bi\u00e8res vins &amp; terroir (juin 2019)<\/p>\n","protected":false},"author":1,"featured_media":0,"parent":0,"menu_order":0,"comment_status":"closed","ping_status":"closed","template":"","meta":{"_genesis_hide_title":false,"_genesis_hide_breadcrumbs":false,"_genesis_hide_singular_image":false,"_genesis_hide_footer_widgets":false,"_genesis_custom_body_class":"","_genesis_custom_post_class":"","_genesis_layout":"","jetpack_post_was_ever_published":false,"footnotes":""},"class_list":{"0":"post-2533","1":"page","2":"type-page","3":"status-publish","5":"entry","6":"has-post-thumbnail"},"jetpack_shortlink":"https:\/\/wp.me\/P9AxP9-ER","jetpack_sharing_enabled":true,"_links":{"self":[{"href":"https:\/\/www.lesvovans.com\/index.php?rest_route=\/wp\/v2\/pages\/2533","targetHints":{"allow":["GET"]}}],"collection":[{"href":"https:\/\/www.lesvovans.com\/index.php?rest_route=\/wp\/v2\/pages"}],"about":[{"href":"https:\/\/www.lesvovans.com\/index.php?rest_route=\/wp\/v2\/types\/page"}],"author":[{"embeddable":true,"href":"https:\/\/www.lesvovans.com\/index.php?rest_route=\/wp\/v2\/users\/1"}],"replies":[{"embeddable":true,"href":"https:\/\/www.lesvovans.com\/index.php?rest_route=%2Fwp%2Fv2%2Fcomments&post=2533"}],"version-history":[{"count":18,"href":"https:\/\/www.lesvovans.com\/index.php?rest_route=\/wp\/v2\/pages\/2533\/revisions"}],"predecessor-version":[{"id":2564,"href":"https:\/\/www.lesvovans.com\/index.php?rest_route=\/wp\/v2\/pages\/2533\/revisions\/2564"}],"wp:attachment":[{"href":"https:\/\/www.lesvovans.com\/index.php?rest_route=%2Fwp%2Fv2%2Fmedia&parent=2533"}],"curies":[{"name":"wp","href":"https:\/\/api.w.org\/{rel}","templated":true}]}}