{"id":48,"date":"2017-09-24T13:34:46","date_gmt":"2017-09-24T12:34:46","guid":{"rendered":"http:\/\/192.168.1.6\/?page_id=48"},"modified":"2023-02-27T12:58:05","modified_gmt":"2023-02-27T17:58:05","slug":"a-propos","status":"publish","type":"page","link":"https:\/\/www.lesvovans.com\/?page_id=48","title":{"rendered":"\u00c0 propos"},"content":{"rendered":"\n<figure class=\"wp-block-image size-large\"><img loading=\"lazy\" decoding=\"async\" width=\"2560\" height=\"1707\" data-attachment-id=\"1648\" data-permalink=\"https:\/\/www.lesvovans.com\/?attachment_id=1648\" data-orig-file=\"https:\/\/i0.wp.com\/www.lesvovans.com\/wp-content\/uploads\/2020\/04\/A30_3829_par-NathB-scaled.jpg?fit=2560%2C1707&amp;ssl=1\" data-orig-size=\"2560,1707\" data-comments-opened=\"1\" data-image-meta=\"{&quot;aperture&quot;:&quot;3.2&quot;,&quot;credit&quot;:&quot;NathB photographe&quot;,&quot;camera&quot;:&quot;NIKON D4&quot;,&quot;caption&quot;:&quot;&quot;,&quot;created_timestamp&quot;:&quot;1580393461&quot;,&quot;copyright&quot;:&quot;2020 NathB photographe - tous droits r\\u00e9serv\\u00e9s - www.nathb.ca&quot;,&quot;focal_length&quot;:&quot;52&quot;,&quot;iso&quot;:&quot;400&quot;,&quot;shutter_speed&quot;:&quot;0.005&quot;,&quot;title&quot;:&quot;&quot;,&quot;orientation&quot;:&quot;0&quot;}\" data-image-title=\"A30_3829_par-NathB\" data-image-description=\"\" data-image-caption=\"\" data-medium-file=\"https:\/\/i0.wp.com\/www.lesvovans.com\/wp-content\/uploads\/2020\/04\/A30_3829_par-NathB-scaled.jpg?fit=300%2C200&amp;ssl=1\" data-large-file=\"https:\/\/i0.wp.com\/www.lesvovans.com\/wp-content\/uploads\/2020\/04\/A30_3829_par-NathB-scaled.jpg?fit=610%2C407&amp;ssl=1\" src=\"https:\/\/i2.wp.com\/www.lesvovans.com\/wp-content\/uploads\/2020\/04\/A30_3829_par-NathB-scaled.jpg?fit=610%2C407\" alt=\"\" class=\"wp-image-1648\" srcset=\"https:\/\/i0.wp.com\/www.lesvovans.com\/wp-content\/uploads\/2020\/04\/A30_3829_par-NathB-scaled.jpg?w=2560&amp;ssl=1 2560w, https:\/\/i0.wp.com\/www.lesvovans.com\/wp-content\/uploads\/2020\/04\/A30_3829_par-NathB-scaled.jpg?resize=300%2C200&amp;ssl=1 300w, https:\/\/i0.wp.com\/www.lesvovans.com\/wp-content\/uploads\/2020\/04\/A30_3829_par-NathB-scaled.jpg?resize=1024%2C683&amp;ssl=1 1024w, https:\/\/i0.wp.com\/www.lesvovans.com\/wp-content\/uploads\/2020\/04\/A30_3829_par-NathB-scaled.jpg?resize=768%2C512&amp;ssl=1 768w, https:\/\/i0.wp.com\/www.lesvovans.com\/wp-content\/uploads\/2020\/04\/A30_3829_par-NathB-scaled.jpg?resize=150%2C100&amp;ssl=1 150w, https:\/\/i0.wp.com\/www.lesvovans.com\/wp-content\/uploads\/2020\/04\/A30_3829_par-NathB-scaled.jpg?resize=600%2C400&amp;ssl=1 600w, https:\/\/i0.wp.com\/www.lesvovans.com\/wp-content\/uploads\/2020\/04\/A30_3829_par-NathB-scaled.jpg?resize=1536%2C1024&amp;ssl=1 1536w, https:\/\/i0.wp.com\/www.lesvovans.com\/wp-content\/uploads\/2020\/04\/A30_3829_par-NathB-scaled.jpg?resize=2048%2C1365&amp;ssl=1 2048w, https:\/\/i0.wp.com\/www.lesvovans.com\/wp-content\/uploads\/2020\/04\/A30_3829_par-NathB-scaled.jpg?w=1220&amp;ssl=1 1220w, https:\/\/i0.wp.com\/www.lesvovans.com\/wp-content\/uploads\/2020\/04\/A30_3829_par-NathB-scaled.jpg?w=1830&amp;ssl=1 1830w\" sizes=\"auto, (max-width: 610px) 100vw, 610px\" \/><\/figure>\n\n\n<p>Lui, d&rsquo;origine vietnamienne, n\u00e9 \u00e0 Qu\u00e9bec, elle d&rsquo;origine qu\u00e9b\u00e9coise, n\u00e9e \u00e0 Sorel, ils forment un couple inspirant, auquel on s&rsquo;identifie facilement. Leur passion pour la bonne bouffe les a amen\u00e9s \u00e0 cuisiner pour bien manger et \u00e0 voyager pour s&rsquo;inspirer. <em>\u00ab Les Vovans c&rsquo;est la r\u00e9ponse \u00e0 notre besoin d&rsquo;\u00eatre ensemble et de partager avec les gens une passion commune pour la cuisine vietnamienne, les amener chez nous afin qu&rsquo;ils puissent presque sentir le bouillon de soupe tonkinoise qui mijote. \u00bb <\/em>\ud83d\ude09<\/p>\n<p>Leur blog vous propose leurs recettes pr\u00e9f\u00e9r\u00e9es, des astuces et des trucs culinaires pour arriver \u00e0 les pr\u00e9parer ainsi que les produits s\u00e9lectionn\u00e9s pour rendre le mieux possible le go\u00fbt exig\u00e9 &#8230; car, comme dit Am\u00e9lie, son chum est un rigide qui aime qu&rsquo;un plat go\u00fbte ce qu&rsquo;il devrait go\u00fbter. <em>\u00ab Les compromis sur la qualit\u00e9 ne sont pas tol\u00e9r\u00e9s, j&rsquo;ai vite compris qu&rsquo;un oignon vert un peu vieux n&rsquo;a pas de seconde chance. \u00bb <\/em>\ud83d\ude09<\/p>","protected":false},"excerpt":{"rendered":"<p>Lui, d&rsquo;origine vietnamienne, n\u00e9 \u00e0 Qu\u00e9bec, elle d&rsquo;origine qu\u00e9b\u00e9coise, n\u00e9e \u00e0 Sorel, ils forment un couple inspirant, auquel on s&rsquo;identifie facilement. Leur passion pour la bonne bouffe les a amen\u00e9s \u00e0 cuisiner pour bien manger et \u00e0 voyager pour s&rsquo;inspirer. \u00ab Les Vovans c&rsquo;est la r\u00e9ponse \u00e0 notre besoin d&rsquo;\u00eatre ensemble et de partager avec&#8230;<\/p>\n<p><a class=\"more-link\" href=\"https:\/\/www.lesvovans.com\/?page_id=48\">Read More<\/a><\/p>\n","protected":false},"author":1,"featured_media":0,"parent":0,"menu_order":0,"comment_status":"closed","ping_status":"closed","template":"","meta":{"_genesis_hide_title":false,"_genesis_hide_breadcrumbs":false,"_genesis_hide_singular_image":false,"_genesis_hide_footer_widgets":false,"_genesis_custom_body_class":"","_genesis_custom_post_class":"","_genesis_layout":"","jetpack_post_was_ever_published":false,"footnotes":""},"class_list":{"0":"post-48","1":"page","2":"type-page","3":"status-publish","5":"entry","6":"has-post-thumbnail"},"jetpack_shortlink":"https:\/\/wp.me\/P9AxP9-M","jetpack_sharing_enabled":true,"_links":{"self":[{"href":"https:\/\/www.lesvovans.com\/index.php?rest_route=\/wp\/v2\/pages\/48","targetHints":{"allow":["GET"]}}],"collection":[{"href":"https:\/\/www.lesvovans.com\/index.php?rest_route=\/wp\/v2\/pages"}],"about":[{"href":"https:\/\/www.lesvovans.com\/index.php?rest_route=\/wp\/v2\/types\/page"}],"author":[{"embeddable":true,"href":"https:\/\/www.lesvovans.com\/index.php?rest_route=\/wp\/v2\/users\/1"}],"replies":[{"embeddable":true,"href":"https:\/\/www.lesvovans.com\/index.php?rest_route=%2Fwp%2Fv2%2Fcomments&post=48"}],"version-history":[{"count":1,"href":"https:\/\/www.lesvovans.com\/index.php?rest_route=\/wp\/v2\/pages\/48\/revisions"}],"predecessor-version":[{"id":2410,"href":"https:\/\/www.lesvovans.com\/index.php?rest_route=\/wp\/v2\/pages\/48\/revisions\/2410"}],"wp:attachment":[{"href":"https:\/\/www.lesvovans.com\/index.php?rest_route=%2Fwp%2Fv2%2Fmedia&parent=48"}],"curies":[{"name":"wp","href":"https:\/\/api.w.org\/{rel}","templated":true}]}}